{"id":539,"date":"2024-05-14T08:18:03","date_gmt":"2024-05-14T11:18:03","guid":{"rendered":"https:\/\/www.catamarca.edu.ar\/dsdt\/?page_id=539"},"modified":"2024-07-16T09:16:14","modified_gmt":"2024-07-16T12:16:14","slug":"preguntas-frecuentes","status":"publish","type":"page","link":"https:\/\/www.catamarca.edu.ar\/dsdt\/preguntas-frecuentes\/","title":{"rendered":"Preguntas Frecuentes"},"content":{"rendered":"\t\t<div data-elementor-type=\"wp-page\" data-elementor-id=\"539\" class=\"elementor elementor-539\">\n\t\t\t\t\t\t<section class=\"elementor-section elementor-top-section elementor-element elementor-element-b0ba701 elementor-section-boxed elementor-section-height-default elementor-section-height-default\" data-id=\"b0ba701\" data-element_type=\"section\" data-e-type=\"section\">\n\t\t\t\t\t\t<div class=\"elementor-container elementor-column-gap-default\">\n\t\t\t\t\t<div class=\"elementor-column elementor-col-100 elementor-top-column elementor-element elementor-element-d33fda6\" data-id=\"d33fda6\" data-element_type=\"column\" data-e-type=\"column\">\n\t\t\t<div class=\"elementor-widget-wrap elementor-element-populated\">\n\t\t\t\t\t\t<div class=\"elementor-element elementor-element-0def81f elementor-widget elementor-widget-heading\" data-id=\"0def81f\" data-element_type=\"widget\" data-e-type=\"widget\" data-widget_type=\"heading.default\">\n\t\t\t\t<div class=\"elementor-widget-container\">\n\t\t\t\t\t<h2 class=\"elementor-heading-title elementor-size-default\">Preguntas Frecuentes<\/h2>\t\t\t\t<\/div>\n\t\t\t\t<\/div>\n\t\t\t\t<div class=\"elementor-element elementor-element-0ee552e elementor-widget elementor-widget-heading\" data-id=\"0ee552e\" data-element_type=\"widget\" data-e-type=\"widget\" data-widget_type=\"heading.default\">\n\t\t\t\t<div class=\"elementor-widget-container\">\n\t\t\t\t\t<h3 class=\"elementor-heading-title elementor-size-default\">SAGE - Autogesti\u00f3n para Escuelas<\/h3>\t\t\t\t<\/div>\n\t\t\t\t<\/div>\n\t\t\t\t<div class=\"elementor-element elementor-element-0b37410 elementor-widget elementor-widget-toggle\" data-id=\"0b37410\" data-element_type=\"widget\" data-e-type=\"widget\" data-widget_type=\"toggle.default\">\n\t\t\t\t<div class=\"elementor-widget-container\">\n\t\t\t\t\t\t\t<div class=\"elementor-toggle\">\n\t\t\t\t\t\t\t<div class=\"elementor-toggle-item\">\n\t\t\t\t\t<div id=\"elementor-tab-title-1171\" class=\"elementor-tab-title\" data-tab=\"1\" role=\"button\" aria-controls=\"elementor-tab-content-1171\" aria-expanded=\"false\">\n\t\t\t\t\t\t\t\t\t\t\t\t<span class=\"elementor-toggle-icon elementor-toggle-icon-left\" aria-hidden=\"true\">\n\t\t\t\t\t\t\t\t\t\t\t\t\t\t\t<span class=\"elementor-toggle-icon-closed\"><i class=\"fas fa-caret-right\"><\/i><\/span>\n\t\t\t\t\t\t\t\t<span class=\"elementor-toggle-icon-opened\"><i class=\"elementor-toggle-icon-opened fas fa-caret-up\"><\/i><\/span>\n\t\t\t\t\t\t\t\t\t\t\t\t\t<\/span>\n\t\t\t\t\t\t\t\t\t\t\t\t<a class=\"elementor-toggle-title\" tabindex=\"0\">\u00bfTengo que cargar las licencias anteriores a la fecha de llegada del usuario en autogesti\u00f3n?<\/a>\n\t\t\t\t\t<\/div>\n\n\t\t\t\t\t<div id=\"elementor-tab-content-1171\" class=\"elementor-tab-content elementor-clearfix\" data-tab=\"1\" role=\"region\" aria-labelledby=\"elementor-tab-title-1171\"><p>No importa cuando se carguen las licencias, estas siempre impactar\u00e1n en el periodo en el que se carga. <br \/>Por Ejemplo: si cargan en marzo, una injustificada de enero, se va a descontar en marzo.<\/p><\/div>\n\t\t\t\t<\/div>\n\t\t\t\t\t\t\t<div class=\"elementor-toggle-item\">\n\t\t\t\t\t<div id=\"elementor-tab-title-1172\" class=\"elementor-tab-title\" data-tab=\"2\" role=\"button\" aria-controls=\"elementor-tab-content-1172\" aria-expanded=\"false\">\n\t\t\t\t\t\t\t\t\t\t\t\t<span class=\"elementor-toggle-icon elementor-toggle-icon-left\" aria-hidden=\"true\">\n\t\t\t\t\t\t\t\t\t\t\t\t\t\t\t<span class=\"elementor-toggle-icon-closed\"><i class=\"fas fa-caret-right\"><\/i><\/span>\n\t\t\t\t\t\t\t\t<span class=\"elementor-toggle-icon-opened\"><i class=\"elementor-toggle-icon-opened fas fa-caret-up\"><\/i><\/span>\n\t\t\t\t\t\t\t\t\t\t\t\t\t<\/span>\n\t\t\t\t\t\t\t\t\t\t\t\t<a class=\"elementor-toggle-title\" tabindex=\"0\">\u00bfC\u00f3mo chequear si est\u00e1n cargadas las licencias m\u00e9dicas?<\/a>\n\t\t\t\t\t<\/div>\n\n\t\t\t\t\t<div id=\"elementor-tab-content-1172\" class=\"elementor-tab-content elementor-clearfix\" data-tab=\"2\" role=\"region\" aria-labelledby=\"elementor-tab-title-1172\"><p>En la plataforma, ingrese a la opci\u00f3n \u201cservicios\u201d, luego coloque el DNI del agente, y presione filtrar.\u00a0<\/p><p>Presione sobre el ID de servicio que quiere chequear, y abajo se desplegar\u00e1 el historial de licencias(todas, no solo las m\u00e9dicas) para ese cargo.<\/p><p><a href=\"https:\/\/www.catamarca.edu.ar\/dsdt\/wp-content\/uploads\/2024\/05\/consulta_servicios_agentes.jpg\"><img fetchpriority=\"high\" decoding=\"async\" class=\"alignnone size-medium wp-image-761\" src=\"https:\/\/www.catamarca.edu.ar\/dsdt\/wp-content\/uploads\/2024\/05\/consulta_servicios_agentes-300x169.jpg\" alt=\"\" width=\"300\" height=\"169\" srcset=\"https:\/\/www.catamarca.edu.ar\/dsdt\/wp-content\/uploads\/2024\/05\/consulta_servicios_agentes-300x169.jpg 300w, https:\/\/www.catamarca.edu.ar\/dsdt\/wp-content\/uploads\/2024\/05\/consulta_servicios_agentes-1024x575.jpg 1024w, https:\/\/www.catamarca.edu.ar\/dsdt\/wp-content\/uploads\/2024\/05\/consulta_servicios_agentes-768x431.jpg 768w, https:\/\/www.catamarca.edu.ar\/dsdt\/wp-content\/uploads\/2024\/05\/consulta_servicios_agentes-1536x863.jpg 1536w, https:\/\/www.catamarca.edu.ar\/dsdt\/wp-content\/uploads\/2024\/05\/consulta_servicios_agentes.jpg 1917w\" sizes=\"(max-width: 300px) 100vw, 300px\" \/><\/a><\/p><p>En las licencias otorgadas por Reconocimientos Medicos, se visualiza el n\u00famero de\u00a0 certificado, como se muestra en la imagen con recuadro negro, a la derecha de cada art\u00edculo de licencia. Este n\u00famero tiene que coincidir con el certificado que el docente presente en cada establecimiento.<\/p><\/div>\n\t\t\t\t<\/div>\n\t\t\t\t\t\t\t<div class=\"elementor-toggle-item\">\n\t\t\t\t\t<div id=\"elementor-tab-title-1173\" class=\"elementor-tab-title\" data-tab=\"3\" role=\"button\" aria-controls=\"elementor-tab-content-1173\" aria-expanded=\"false\">\n\t\t\t\t\t\t\t\t\t\t\t\t<span class=\"elementor-toggle-icon elementor-toggle-icon-left\" aria-hidden=\"true\">\n\t\t\t\t\t\t\t\t\t\t\t\t\t\t\t<span class=\"elementor-toggle-icon-closed\"><i class=\"fas fa-caret-right\"><\/i><\/span>\n\t\t\t\t\t\t\t\t<span class=\"elementor-toggle-icon-opened\"><i class=\"elementor-toggle-icon-opened fas fa-caret-up\"><\/i><\/span>\n\t\t\t\t\t\t\t\t\t\t\t\t\t<\/span>\n\t\t\t\t\t\t\t\t\t\t\t\t<a class=\"elementor-toggle-title\" tabindex=\"0\">\u00bfQu\u00e9 licencias puedo cargar?<\/a>\n\t\t\t\t\t<\/div>\n\n\t\t\t\t\t<div id=\"elementor-tab-content-1173\" class=\"elementor-tab-content elementor-clearfix\" data-tab=\"3\" role=\"region\" aria-labelledby=\"elementor-tab-title-1173\"><p>&#8211; Los \u00fanicos art\u00edculos que autoriza el Ministerio de Trabajo a cargar en los establecimientos escolares, son los que se muestran en el combo \u201cLicencia\u201d.<\/p><p>&#8211; Las licencias m\u00e9dicas, solo las puede cargar o modificar el dpto de Reconocimientos M\u00e9dicos.\u00a0<\/p><p>&#8211; Las Licencias Extraordinarias como cambio de funciones, comisiones de servicios o mayor jerarqu\u00eda, s\u00f3lo pueden ser cargadas en rrhh docentes, en el pabell\u00f3n 20 del C.A.P.E.<\/p><\/div>\n\t\t\t\t<\/div>\n\t\t\t\t\t\t\t<div class=\"elementor-toggle-item\">\n\t\t\t\t\t<div id=\"elementor-tab-title-1174\" class=\"elementor-tab-title\" data-tab=\"4\" role=\"button\" aria-controls=\"elementor-tab-content-1174\" aria-expanded=\"false\">\n\t\t\t\t\t\t\t\t\t\t\t\t<span class=\"elementor-toggle-icon elementor-toggle-icon-left\" aria-hidden=\"true\">\n\t\t\t\t\t\t\t\t\t\t\t\t\t\t\t<span class=\"elementor-toggle-icon-closed\"><i class=\"fas fa-caret-right\"><\/i><\/span>\n\t\t\t\t\t\t\t\t<span class=\"elementor-toggle-icon-opened\"><i class=\"elementor-toggle-icon-opened fas fa-caret-up\"><\/i><\/span>\n\t\t\t\t\t\t\t\t\t\t\t\t\t<\/span>\n\t\t\t\t\t\t\t\t\t\t\t\t<a class=\"elementor-toggle-title\" tabindex=\"0\">Quiero cargar novedades, ingreso el DNI del agente y me salta una advertencia: \"No hay servicios declarados para el agente\"<\/a>\n\t\t\t\t\t<\/div>\n\n\t\t\t\t\t<div id=\"elementor-tab-content-1174\" class=\"elementor-tab-content elementor-clearfix\" data-tab=\"4\" role=\"region\" aria-labelledby=\"elementor-tab-title-1174\"><p>Esta advertencia, puede resultar de diferentes casos:<\/p><p>&#8211; Que el DNI que se est\u00e9 colocando, est\u00e9 con errores.<\/p><p>&#8211; Que el Agente figure en otra repartici\u00f3n, ya sea por comisi\u00f3n de servicios, o porque la disposici\u00f3n de alta fue general y se encuentra como \u201cministerio de educaci\u00f3n&#8221;.\u00a0 <b><i>En este \u00faltimo caso, se puede solicitar a rrhh docente, la Reubicaci\u00f3n del agente, a su CUE.<\/i><\/b><\/p><\/div>\n\t\t\t\t<\/div>\n\t\t\t\t\t\t\t<div class=\"elementor-toggle-item\">\n\t\t\t\t\t<div id=\"elementor-tab-title-1175\" class=\"elementor-tab-title\" data-tab=\"5\" role=\"button\" aria-controls=\"elementor-tab-content-1175\" aria-expanded=\"false\">\n\t\t\t\t\t\t\t\t\t\t\t\t<span class=\"elementor-toggle-icon elementor-toggle-icon-left\" aria-hidden=\"true\">\n\t\t\t\t\t\t\t\t\t\t\t\t\t\t\t<span class=\"elementor-toggle-icon-closed\"><i class=\"fas fa-caret-right\"><\/i><\/span>\n\t\t\t\t\t\t\t\t<span class=\"elementor-toggle-icon-opened\"><i class=\"elementor-toggle-icon-opened fas fa-caret-up\"><\/i><\/span>\n\t\t\t\t\t\t\t\t\t\t\t\t\t<\/span>\n\t\t\t\t\t\t\t\t\t\t\t\t<a class=\"elementor-toggle-title\" tabindex=\"0\">\u00bfCu\u00e1l es el per\u00edodo de carga mensual de novedades? \u00bfEs a partir del 20 de cada mes? \u00bfSe puede cargar los fines de semana?<\/a>\n\t\t\t\t\t<\/div>\n\n\t\t\t\t\t<div id=\"elementor-tab-content-1175\" class=\"elementor-tab-content elementor-clearfix\" data-tab=\"5\" role=\"region\" aria-labelledby=\"elementor-tab-title-1175\"><p>Si bien est\u00e1 escrito, que el periodo es hasta el 20 de cada mes. Al ser un sistema web, impacta de forma inmediata en la base de datos, cual luego se utiliza para liquidaci\u00f3n de sueldos, por lo tanto pueden cargar cualquier dia, a cualquier hora; esta carga siempre impactar\u00e1 en el sistema, ya sea en el mes actual o el siguiente.<\/p><\/div>\n\t\t\t\t<\/div>\n\t\t\t\t\t\t\t<div class=\"elementor-toggle-item\">\n\t\t\t\t\t<div id=\"elementor-tab-title-1176\" class=\"elementor-tab-title\" data-tab=\"6\" role=\"button\" aria-controls=\"elementor-tab-content-1176\" aria-expanded=\"false\">\n\t\t\t\t\t\t\t\t\t\t\t\t<span class=\"elementor-toggle-icon elementor-toggle-icon-left\" aria-hidden=\"true\">\n\t\t\t\t\t\t\t\t\t\t\t\t\t\t\t<span class=\"elementor-toggle-icon-closed\"><i class=\"fas fa-caret-right\"><\/i><\/span>\n\t\t\t\t\t\t\t\t<span class=\"elementor-toggle-icon-opened\"><i class=\"elementor-toggle-icon-opened fas fa-caret-up\"><\/i><\/span>\n\t\t\t\t\t\t\t\t\t\t\t\t\t<\/span>\n\t\t\t\t\t\t\t\t\t\t\t\t<a class=\"elementor-toggle-title\" tabindex=\"0\">Por error en una carga, \u00bfqu\u00e9 pasos deber\u00eda realizar?<\/a>\n\t\t\t\t\t<\/div>\n\n\t\t\t\t\t<div id=\"elementor-tab-content-1176\" class=\"elementor-tab-content elementor-clearfix\" data-tab=\"6\" role=\"region\" aria-labelledby=\"elementor-tab-title-1176\"><p>Para modificar una licencia por error de carga o por otro motivo, vea el video \u201cRectificar Licencia\u201d, donde explica como eliminar la licencia, para ser cargada de forma correcta.<\/p><p><strong>::<\/strong> <a href=\"https:\/\/www.catamarca.edu.ar\/dsdt\/videos_capacitacion\/carga-de-novedades-rectificar-licencia\/\" target=\"_blank\" rel=\"noopener\">Link al video: Rectificar Licencia<\/a><\/p><\/div>\n\t\t\t\t<\/div>\n\t\t\t\t\t\t\t<div class=\"elementor-toggle-item\">\n\t\t\t\t\t<div id=\"elementor-tab-title-1177\" class=\"elementor-tab-title\" data-tab=\"7\" role=\"button\" aria-controls=\"elementor-tab-content-1177\" aria-expanded=\"false\">\n\t\t\t\t\t\t\t\t\t\t\t\t<span class=\"elementor-toggle-icon elementor-toggle-icon-left\" aria-hidden=\"true\">\n\t\t\t\t\t\t\t\t\t\t\t\t\t\t\t<span class=\"elementor-toggle-icon-closed\"><i class=\"fas fa-caret-right\"><\/i><\/span>\n\t\t\t\t\t\t\t\t<span class=\"elementor-toggle-icon-opened\"><i class=\"elementor-toggle-icon-opened fas fa-caret-up\"><\/i><\/span>\n\t\t\t\t\t\t\t\t\t\t\t\t\t<\/span>\n\t\t\t\t\t\t\t\t\t\t\t\t<a class=\"elementor-toggle-title\" tabindex=\"0\">\u00bfPuedo usar la clave del Director o tengo que solicitar la m\u00eda?<\/a>\n\t\t\t\t\t<\/div>\n\n\t\t\t\t\t<div id=\"elementor-tab-content-1177\" class=\"elementor-tab-content elementor-clearfix\" data-tab=\"7\" role=\"region\" aria-labelledby=\"elementor-tab-title-1177\"><p>Las claves <strong>NO<\/strong> se comparten. Si tienen 2 personas de cargas, soliciten 2 usuarios. Ya que ante un eventual reclamo de un docente, se audita el nombre del usuario que realiz\u00f3 la carga.<\/p><\/div>\n\t\t\t\t<\/div>\n\t\t\t\t\t\t\t<div class=\"elementor-toggle-item\">\n\t\t\t\t\t<div id=\"elementor-tab-title-1178\" class=\"elementor-tab-title\" data-tab=\"8\" role=\"button\" aria-controls=\"elementor-tab-content-1178\" aria-expanded=\"false\">\n\t\t\t\t\t\t\t\t\t\t\t\t<span class=\"elementor-toggle-icon elementor-toggle-icon-left\" aria-hidden=\"true\">\n\t\t\t\t\t\t\t\t\t\t\t\t\t\t\t<span class=\"elementor-toggle-icon-closed\"><i class=\"fas fa-caret-right\"><\/i><\/span>\n\t\t\t\t\t\t\t\t<span class=\"elementor-toggle-icon-opened\"><i class=\"elementor-toggle-icon-opened fas fa-caret-up\"><\/i><\/span>\n\t\t\t\t\t\t\t\t\t\t\t\t\t<\/span>\n\t\t\t\t\t\t\t\t\t\t\t\t<a class=\"elementor-toggle-title\" tabindex=\"0\">\u00bfPor qu\u00e9 no puedo tildar un cargo para la carga de licencias?<\/a>\n\t\t\t\t\t<\/div>\n\n\t\t\t\t\t<div id=\"elementor-tab-content-1178\" class=\"elementor-tab-content elementor-clearfix\" data-tab=\"8\" role=\"region\" aria-labelledby=\"elementor-tab-title-1178\"><p><a href=\"https:\/\/www.catamarca.edu.ar\/dsdt\/wp-content\/uploads\/2024\/05\/tildar_cargos_licencia.jpg\"><img decoding=\"async\" class=\"alignnone size-medium wp-image-719\" src=\"https:\/\/www.catamarca.edu.ar\/dsdt\/wp-content\/uploads\/2024\/05\/tildar_cargos_licencia-300x161.jpg\" alt=\"\" width=\"300\" height=\"161\" srcset=\"https:\/\/www.catamarca.edu.ar\/dsdt\/wp-content\/uploads\/2024\/05\/tildar_cargos_licencia-300x161.jpg 300w, https:\/\/www.catamarca.edu.ar\/dsdt\/wp-content\/uploads\/2024\/05\/tildar_cargos_licencia-1024x550.jpg 1024w, https:\/\/www.catamarca.edu.ar\/dsdt\/wp-content\/uploads\/2024\/05\/tildar_cargos_licencia-768x412.jpg 768w, https:\/\/www.catamarca.edu.ar\/dsdt\/wp-content\/uploads\/2024\/05\/tildar_cargos_licencia.jpg 1280w\" sizes=\"(max-width: 300px) 100vw, 300px\" \/><\/a><\/p><p>En la imagen, se puede visualizar que uno de los cargos no se puede tildar, y el otro si, esto se debe a que la fecha seleccionada, se encuentra ocupada por otra licencia (distinguida con el color morado).<\/p><p>La descripci\u00f3n en color morado, describe la licencia que est\u00e1 ocupando ese d\u00eda. En cambio en color rojo, describe la \u00faltima licencia que se carg\u00f3 en ese ID, pero esta no abarca el d\u00eda seleccionado para la carga, como muestra el segundo cargo del agente que figura m\u00e1s abajo.<\/p><\/div>\n\t\t\t\t<\/div>\n\t\t\t\t\t\t\t<div class=\"elementor-toggle-item\">\n\t\t\t\t\t<div id=\"elementor-tab-title-1179\" class=\"elementor-tab-title\" data-tab=\"9\" role=\"button\" aria-controls=\"elementor-tab-content-1179\" aria-expanded=\"false\">\n\t\t\t\t\t\t\t\t\t\t\t\t<span class=\"elementor-toggle-icon elementor-toggle-icon-left\" aria-hidden=\"true\">\n\t\t\t\t\t\t\t\t\t\t\t\t\t\t\t<span class=\"elementor-toggle-icon-closed\"><i class=\"fas fa-caret-right\"><\/i><\/span>\n\t\t\t\t\t\t\t\t<span class=\"elementor-toggle-icon-opened\"><i class=\"elementor-toggle-icon-opened fas fa-caret-up\"><\/i><\/span>\n\t\t\t\t\t\t\t\t\t\t\t\t\t<\/span>\n\t\t\t\t\t\t\t\t\t\t\t\t<a class=\"elementor-toggle-title\" tabindex=\"0\">\u00bfC\u00f3mo realizo la carga de licencias cuando tiene varios cargos con diferentes carga horaria?<\/a>\n\t\t\t\t\t<\/div>\n\n\t\t\t\t\t<div id=\"elementor-tab-content-1179\" class=\"elementor-tab-content elementor-clearfix\" data-tab=\"9\" role=\"region\" aria-labelledby=\"elementor-tab-title-1179\"><p><a href=\"https:\/\/www.catamarca.edu.ar\/dsdt\/wp-content\/uploads\/2024\/05\/licencias_varios_cargos.jpg\"><img decoding=\"async\" class=\"alignnone size-medium wp-image-742\" src=\"https:\/\/www.catamarca.edu.ar\/dsdt\/wp-content\/uploads\/2024\/05\/licencias_varios_cargos-300x187.jpg\" alt=\"\" width=\"300\" height=\"187\" srcset=\"https:\/\/www.catamarca.edu.ar\/dsdt\/wp-content\/uploads\/2024\/05\/licencias_varios_cargos-300x187.jpg 300w, https:\/\/www.catamarca.edu.ar\/dsdt\/wp-content\/uploads\/2024\/05\/licencias_varios_cargos-1024x638.jpg 1024w, https:\/\/www.catamarca.edu.ar\/dsdt\/wp-content\/uploads\/2024\/05\/licencias_varios_cargos-768x479.jpg 768w, https:\/\/www.catamarca.edu.ar\/dsdt\/wp-content\/uploads\/2024\/05\/licencias_varios_cargos.jpg 1280w\" sizes=\"(max-width: 300px) 100vw, 300px\" \/><\/a><\/p><ul><li aria-level=\"1\">Cuando el agente tiene varios cargos con diferentes carga horaria, se tiene que cargar por separado los que tienen la misma cantidad de horas, como se muestra en la imagen. Se seleccionan los dos cargos de 4 horas y se coloca las horas que se quieren cargar para esa semana (Las horas no se suman. Si falto las 4 horas en cada cargo, se coloca 4 horas, nunca tiene que superar el m\u00e1ximo de horas de cada cargo. No colocar 8). Luego en otro movimiento, se carga la licencia para el cargo de 2 horas, y en otro movimiento se carga el cargo de 1 hora.<\/li><\/ul><ul><li aria-level=\"1\">Si el agente tiene un cargo de 6 horas, y las cumple en dos d\u00edas, y se ausenta en un solo d\u00eda, en el campo \u201cHoras\u201d, se tiene que colocar las horas que cumple ese d\u00eda, y en el campo de \u201cFecha Fin\u201d la fecha para que figure 1 dia de carga (Recuerde que son horas semanales. Colocar 2 d\u00edas y tipear el total de horas, equivaldr\u00eda a dos semanas de licencia).<\/li><\/ul><\/div>\n\t\t\t\t<\/div>\n\t\t\t\t\t\t\t<div class=\"elementor-toggle-item\">\n\t\t\t\t\t<div id=\"elementor-tab-title-11710\" class=\"elementor-tab-title\" data-tab=\"10\" role=\"button\" aria-controls=\"elementor-tab-content-11710\" aria-expanded=\"false\">\n\t\t\t\t\t\t\t\t\t\t\t\t<span class=\"elementor-toggle-icon elementor-toggle-icon-left\" aria-hidden=\"true\">\n\t\t\t\t\t\t\t\t\t\t\t\t\t\t\t<span class=\"elementor-toggle-icon-closed\"><i class=\"fas fa-caret-right\"><\/i><\/span>\n\t\t\t\t\t\t\t\t<span class=\"elementor-toggle-icon-opened\"><i class=\"elementor-toggle-icon-opened fas fa-caret-up\"><\/i><\/span>\n\t\t\t\t\t\t\t\t\t\t\t\t\t<\/span>\n\t\t\t\t\t\t\t\t\t\t\t\t<a class=\"elementor-toggle-title\" tabindex=\"0\">\u00bfCu\u00e1l es el per\u00edodo de carga mensual de novedades? \u00bfEs a partir del 20 de cada mes? \u00bfSe puede cargar los fines de semana?<\/a>\n\t\t\t\t\t<\/div>\n\n\t\t\t\t\t<div id=\"elementor-tab-content-11710\" class=\"elementor-tab-content elementor-clearfix\" data-tab=\"10\" role=\"region\" aria-labelledby=\"elementor-tab-title-11710\"><p>El periodo por normativa, cierra el 20 de cada mes. Pero es un sistema online, que impacta de forma inmediata en la base de datos del sistema central del Ministerio de Trabajo, por lo que se puede cargar en cualquier d\u00eda y horario.<\/p><p>Tambi\u00e9n se pueden cargar licencias de periodos anteriores, que no fueron cargadas, e impactar\u00e1n en el periodo que se carga.<\/p><\/div>\n\t\t\t\t<\/div>\n\t\t\t\t\t\t\t\t<\/div>\n\t\t\t\t\t\t<\/div>\n\t\t\t\t<\/div>\n\t\t\t\t\t<\/div>\n\t\t<\/div>\n\t\t\t\t\t<\/div>\n\t\t<\/section>\n\t\t\t\t<\/div>\n\t\t","protected":false},"excerpt":{"rendered":"<p>Preguntas Frecuentes SAGE &#8211; Autogesti\u00f3n para Escuelas \u00bfTengo que cargar las licencias anteriores a la fecha de llegada del usuario en autogesti\u00f3n? No importa cuando se carguen las licencias, estas siempre impactar\u00e1n en el periodo en el que se carga. Por Ejemplo: si cargan en marzo, una injustificada de enero, se va a descontar en&hellip; <br \/> <a class=\"read-more\" href=\"https:\/\/www.catamarca.edu.ar\/dsdt\/preguntas-frecuentes\/\">Read more<\/a><\/p>\n","protected":false},"author":1,"featured_media":0,"parent":0,"menu_order":0,"comment_status":"closed","ping_status":"closed","template":"","meta":{"footnotes":""},"class_list":["post-539","page","type-page","status-publish","hentry"],"_links":{"self":[{"href":"https:\/\/www.catamarca.edu.ar\/dsdt\/wp-json\/wp\/v2\/pages\/539","targetHints":{"allow":["GET"]}}],"collection":[{"href":"https:\/\/www.catamarca.edu.ar\/dsdt\/wp-json\/wp\/v2\/pages"}],"about":[{"href":"https:\/\/www.catamarca.edu.ar\/dsdt\/wp-json\/wp\/v2\/types\/page"}],"author":[{"embeddable":true,"href":"https:\/\/www.catamarca.edu.ar\/dsdt\/wp-json\/wp\/v2\/users\/1"}],"replies":[{"embeddable":true,"href":"https:\/\/www.catamarca.edu.ar\/dsdt\/wp-json\/wp\/v2\/comments?post=539"}],"version-history":[{"count":220,"href":"https:\/\/www.catamarca.edu.ar\/dsdt\/wp-json\/wp\/v2\/pages\/539\/revisions"}],"predecessor-version":[{"id":886,"href":"https:\/\/www.catamarca.edu.ar\/dsdt\/wp-json\/wp\/v2\/pages\/539\/revisions\/886"}],"wp:attachment":[{"href":"https:\/\/www.catamarca.edu.ar\/dsdt\/wp-json\/wp\/v2\/media?parent=539"}],"curies":[{"name":"wp","href":"https:\/\/api.w.org\/{rel}","templated":true}]}}