{"id":77,"date":"2020-12-30T09:08:47","date_gmt":"2020-12-30T12:08:47","guid":{"rendered":"https:\/\/www.catamarca.edu.ar\/dsdt\/?page_id=77"},"modified":"2026-03-30T10:41:19","modified_gmt":"2026-03-30T13:41:19","slug":"welcome","status":"publish","type":"page","link":"https:\/\/www.catamarca.edu.ar\/dsdt\/","title":{"rendered":"Bienvenidos"},"content":{"rendered":"\t\t<div data-elementor-type=\"wp-page\" data-elementor-id=\"77\" class=\"elementor elementor-77\">\n\t\t\t\t\t\t<section class=\"elementor-section elementor-top-section elementor-element elementor-element-47bfbef9 elementor-section-boxed elementor-section-height-default elementor-section-height-default\" data-id=\"47bfbef9\" data-element_type=\"section\" data-e-type=\"section\">\n\t\t\t\t\t\t<div class=\"elementor-container elementor-column-gap-default\">\n\t\t\t\t\t<div class=\"elementor-column elementor-col-100 elementor-top-column elementor-element elementor-element-52c8911b\" data-id=\"52c8911b\" data-element_type=\"column\" data-e-type=\"column\">\n\t\t\t<div class=\"elementor-widget-wrap elementor-element-populated\">\n\t\t\t\t\t\t<div class=\"elementor-element elementor-element-1dbcc9cd elementor-widget elementor-widget-text-editor\" data-id=\"1dbcc9cd\" data-element_type=\"widget\" data-e-type=\"widget\" data-widget_type=\"text-editor.default\">\n\t\t\t\t<div class=\"elementor-widget-container\">\n\t\t\t\t\t\t\t\t\t<h3 style=\"text-align: center;\"><span style=\"color: #0000ff;\"><em><strong>Bienvenidos al sitio web de la<\/strong><strong> Direcci\u00f3n de Sistemas y Desarrollo Tecnol\u00f3gico del Ministerio de Educaci\u00f3n de Catamarca<\/strong><\/em><\/span><\/h3>\t\t\t\t\t\t\t\t<\/div>\n\t\t\t\t<\/div>\n\t\t\t\t\t<\/div>\n\t\t<\/div>\n\t\t\t\t\t<\/div>\n\t\t<\/section>\n\t\t\t\t<section class=\"elementor-section elementor-top-section elementor-element elementor-element-a2486fc elementor-section-boxed elementor-section-height-default elementor-section-height-default\" data-id=\"a2486fc\" data-element_type=\"section\" data-e-type=\"section\">\n\t\t\t\t\t\t<div class=\"elementor-container elementor-column-gap-default\">\n\t\t\t\t\t<div class=\"elementor-column elementor-col-100 elementor-top-column elementor-element elementor-element-90d6d73\" data-id=\"90d6d73\" data-element_type=\"column\" data-e-type=\"column\">\n\t\t\t<div class=\"elementor-widget-wrap elementor-element-populated\">\n\t\t\t\t\t\t<div class=\"elementor-element elementor-element-66a96ad elementor-widget elementor-widget-image\" data-id=\"66a96ad\" data-element_type=\"widget\" data-e-type=\"widget\" data-widget_type=\"image.default\">\n\t\t\t\t<div class=\"elementor-widget-container\">\n\t\t\t\t\t\t\t\t\t\t\t\t\t\t\t<img fetchpriority=\"high\" decoding=\"async\" width=\"876\" height=\"530\" src=\"https:\/\/www.catamarca.edu.ar\/dsdt\/wp-content\/uploads\/2026\/03\/info02.png\" class=\"attachment-full size-full wp-image-1211\" alt=\"\" srcset=\"https:\/\/www.catamarca.edu.ar\/dsdt\/wp-content\/uploads\/2026\/03\/info02.png 876w, https:\/\/www.catamarca.edu.ar\/dsdt\/wp-content\/uploads\/2026\/03\/info02-300x182.png 300w, https:\/\/www.catamarca.edu.ar\/dsdt\/wp-content\/uploads\/2026\/03\/info02-768x465.png 768w\" sizes=\"(max-width: 876px) 100vw, 876px\" \/>\t\t\t\t\t\t\t\t\t\t\t\t\t\t\t<\/div>\n\t\t\t\t<\/div>\n\t\t\t\t\t<\/div>\n\t\t<\/div>\n\t\t\t\t\t<\/div>\n\t\t<\/section>\n\t\t\t\t<section class=\"elementor-section elementor-top-section elementor-element elementor-element-9e6e96a elementor-section-boxed elementor-section-height-default elementor-section-height-default\" data-id=\"9e6e96a\" data-element_type=\"section\" data-e-type=\"section\">\n\t\t\t\t\t\t<div class=\"elementor-container elementor-column-gap-default\">\n\t\t\t\t\t<div class=\"elementor-column elementor-col-100 elementor-top-column elementor-element elementor-element-59b796a\" data-id=\"59b796a\" data-element_type=\"column\" data-e-type=\"column\">\n\t\t\t<div class=\"elementor-widget-wrap elementor-element-populated\">\n\t\t\t\t\t\t<div class=\"elementor-element elementor-element-9e76a7f elementor-widget elementor-widget-shortcode\" data-id=\"9e76a7f\" data-element_type=\"widget\" data-e-type=\"widget\" data-widget_type=\"shortcode.default\">\n\t\t\t\t<div class=\"elementor-widget-container\">\n\t\t\t\t\t\t\t<div class=\"elementor-shortcode\"><script> window.chtlConfig = { chatbotId: \"4612741956\" } <\/script>\n<script async data-id=\"4612741956\" id=\"chtl-script\" type=\"text\/javascript\" src=\"https:\/\/chatling.ai\/js\/embed.js\"><\/script><\/div>\n\t\t\t\t\t\t<\/div>\n\t\t\t\t<\/div>\n\t\t\t\t\t<\/div>\n\t\t<\/div>\n\t\t\t\t\t<\/div>\n\t\t<\/section>\n\t\t\t\t<\/div>\n\t\t","protected":false},"excerpt":{"rendered":"<p>Bienvenidos al sitio web de la Direcci\u00f3n de Sistemas y Desarrollo Tecnol\u00f3gico del Ministerio de Educaci\u00f3n de Catamarca<\/p>\n","protected":false},"author":1,"featured_media":0,"parent":0,"menu_order":0,"comment_status":"closed","ping_status":"closed","template":"elementor_header_footer","meta":{"footnotes":""},"class_list":["post-77","page","type-page","status-publish","hentry"],"_links":{"self":[{"href":"https:\/\/www.catamarca.edu.ar\/dsdt\/wp-json\/wp\/v2\/pages\/77","targetHints":{"allow":["GET"]}}],"collection":[{"href":"https:\/\/www.catamarca.edu.ar\/dsdt\/wp-json\/wp\/v2\/pages"}],"about":[{"href":"https:\/\/www.catamarca.edu.ar\/dsdt\/wp-json\/wp\/v2\/types\/page"}],"author":[{"embeddable":true,"href":"https:\/\/www.catamarca.edu.ar\/dsdt\/wp-json\/wp\/v2\/users\/1"}],"replies":[{"embeddable":true,"href":"https:\/\/www.catamarca.edu.ar\/dsdt\/wp-json\/wp\/v2\/comments?post=77"}],"version-history":[{"count":107,"href":"https:\/\/www.catamarca.edu.ar\/dsdt\/wp-json\/wp\/v2\/pages\/77\/revisions"}],"predecessor-version":[{"id":1214,"href":"https:\/\/www.catamarca.edu.ar\/dsdt\/wp-json\/wp\/v2\/pages\/77\/revisions\/1214"}],"wp:attachment":[{"href":"https:\/\/www.catamarca.edu.ar\/dsdt\/wp-json\/wp\/v2\/media?parent=77"}],"curies":[{"name":"wp","href":"https:\/\/api.w.org\/{rel}","templated":true}]}}