{"id":12549,"date":"2022-08-29T08:48:08","date_gmt":"2022-08-29T11:48:08","guid":{"rendered":"https:\/\/www.catamarca.edu.ar\/plataforma_educativa\/?page_id=12549"},"modified":"2022-08-29T08:57:47","modified_gmt":"2022-08-29T11:57:47","slug":"educar-en-igualdad","status":"publish","type":"page","link":"https:\/\/www.catamarca.edu.ar\/plataforma_educativa\/educar-en-igualdad\/","title":{"rendered":"Educar en Igualdad"},"content":{"rendered":"\t\t<div data-elementor-type=\"wp-page\" data-elementor-id=\"12549\" class=\"elementor elementor-12549\">\n\t\t\t\t\t\t<section class=\"elementor-section elementor-top-section elementor-element elementor-element-9a10b46 elementor-section-boxed elementor-section-height-default elementor-section-height-default\" data-id=\"9a10b46\" data-element_type=\"section\" data-e-type=\"section\">\n\t\t\t\t\t\t<div class=\"elementor-container elementor-column-gap-default\">\n\t\t\t\t\t<div class=\"elementor-column elementor-col-100 elementor-top-column elementor-element elementor-element-4cbfa00\" data-id=\"4cbfa00\" data-element_type=\"column\" data-e-type=\"column\">\n\t\t\t<div class=\"elementor-widget-wrap elementor-element-populated\">\n\t\t\t\t\t\t<div class=\"elementor-element elementor-element-49446d7 elementor-icon-list--layout-traditional elementor-list-item-link-full_width elementor-widget elementor-widget-icon-list\" data-id=\"49446d7\" data-element_type=\"widget\" data-e-type=\"widget\" data-widget_type=\"icon-list.default\">\n\t\t\t\t<div class=\"elementor-widget-container\">\n\t\t\t\t\t\t\t<ul class=\"elementor-icon-list-items\">\n\t\t\t\t\t\t\t<li class=\"elementor-icon-list-item\">\n\t\t\t\t\t\t\t\t\t\t\t<a href=\"https:\/\/www.facebook.com\/296068487120533\/posts\/pfbid0wKAmAZBTsBVaUgMjA7ghs8nBhQw1VeVcn45DKbJWwV67gQ6UPENvsAdDx4gCs8Lil\/?d=n\" target=\"_blank\">\n\n\t\t\t\t\t\t\t\t\t\t\t\t<span class=\"elementor-icon-list-icon\">\n\t\t\t\t\t\t\t<i aria-hidden=\"true\" class=\"fas fa-external-link-alt\"><\/i>\t\t\t\t\t\t<\/span>\n\t\t\t\t\t\t\t\t\t\t<span class=\"elementor-icon-list-text\">Educar en igualdad, prevenci\u00f3n y erradicaci\u00f3n de la violencia de g\u00e9nero<\/span>\n\t\t\t\t\t\t\t\t\t\t\t<\/a>\n\t\t\t\t\t\t\t\t\t<\/li>\n\t\t\t\t\t\t\t\t<li class=\"elementor-icon-list-item\">\n\t\t\t\t\t\t\t\t\t\t\t<a href=\"http:\/\/www.catamarca.edu.ar\/plataforma_educativa\/wp-content\/uploads\/2022\/08\/RM-318.pdf\" target=\"_blank\">\n\n\t\t\t\t\t\t\t\t\t\t\t\t<span class=\"elementor-icon-list-icon\">\n\t\t\t\t\t\t\t<i aria-hidden=\"true\" class=\"far fa-file-pdf\"><\/i>\t\t\t\t\t\t<\/span>\n\t\t\t\t\t\t\t\t\t\t<span class=\"elementor-icon-list-text\">Resoluci\u00f3n Ministerial E.C y T. N\u00ba318<\/span>\n\t\t\t\t\t\t\t\t\t\t\t<\/a>\n\t\t\t\t\t\t\t\t\t<\/li>\n\t\t\t\t\t\t\t\t<li class=\"elementor-icon-list-item\">\n\t\t\t\t\t\t\t\t\t\t\t<a href=\"http:\/\/www.catamarca.edu.ar\/plataforma_educativa\/wp-content\/uploads\/2022\/08\/protocolo_actuacion_situaciones_complejas.pdf\" target=\"_blank\">\n\n\t\t\t\t\t\t\t\t\t\t\t\t<span class=\"elementor-icon-list-icon\">\n\t\t\t\t\t\t\t<i aria-hidden=\"true\" class=\"far fa-file-pdf\"><\/i>\t\t\t\t\t\t<\/span>\n\t\t\t\t\t\t\t\t\t\t<span class=\"elementor-icon-list-text\">Protocolo de Actuaci\u00f3n ante Situaciones Complejas en las Instituciones Educativas<\/span>\n\t\t\t\t\t\t\t\t\t\t\t<\/a>\n\t\t\t\t\t\t\t\t\t<\/li>\n\t\t\t\t\t\t<\/ul>\n\t\t\t\t\t\t<\/div>\n\t\t\t\t<\/div>\n\t\t\t\t\t<\/div>\n\t\t<\/div>\n\t\t\t\t\t<\/div>\n\t\t<\/section>\n\t\t\t\t<section class=\"elementor-section elementor-top-section elementor-element elementor-element-7714d17 elementor-section-boxed elementor-section-height-default elementor-section-height-default\" data-id=\"7714d17\" data-element_type=\"section\" data-e-type=\"section\">\n\t\t\t\t\t\t<div class=\"elementor-container elementor-column-gap-default\">\n\t\t\t\t\t<div class=\"elementor-column elementor-col-100 elementor-top-column elementor-element elementor-element-4f7bce6\" data-id=\"4f7bce6\" data-element_type=\"column\" data-e-type=\"column\">\n\t\t\t<div class=\"elementor-widget-wrap elementor-element-populated\">\n\t\t\t\t\t\t<div class=\"elementor-element elementor-element-cb5afe5 elementor-widget elementor-widget-spacer\" data-id=\"cb5afe5\" data-element_type=\"widget\" data-e-type=\"widget\" data-widget_type=\"spacer.default\">\n\t\t\t\t<div class=\"elementor-widget-container\">\n\t\t\t\t\t\t\t<div class=\"elementor-spacer\">\n\t\t\t<div class=\"elementor-spacer-inner\"><\/div>\n\t\t<\/div>\n\t\t\t\t\t\t<\/div>\n\t\t\t\t<\/div>\n\t\t\t\t\t<\/div>\n\t\t<\/div>\n\t\t\t\t\t<\/div>\n\t\t<\/section>\n\t\t\t\t<\/div>\n\t\t","protected":false},"excerpt":{"rendered":"<p>Educar en igualdad, prevenci\u00f3n y erradicaci\u00f3n de la violencia de g\u00e9nero Resoluci\u00f3n Ministerial E.C y T. N\u00ba318 Protocolo de Actuaci\u00f3n ante Situaciones Complejas en las Instituciones Educativas<\/p>\n","protected":false},"author":2,"featured_media":0,"parent":0,"menu_order":0,"comment_status":"closed","ping_status":"closed","template":"elementor_header_footer","meta":{"footnotes":""},"class_list":["post-12549","page","type-page","status-publish","hentry"],"_links":{"self":[{"href":"https:\/\/www.catamarca.edu.ar\/plataforma_educativa\/wp-json\/wp\/v2\/pages\/12549","targetHints":{"allow":["GET"]}}],"collection":[{"href":"https:\/\/www.catamarca.edu.ar\/plataforma_educativa\/wp-json\/wp\/v2\/pages"}],"about":[{"href":"https:\/\/www.catamarca.edu.ar\/plataforma_educativa\/wp-json\/wp\/v2\/types\/page"}],"author":[{"embeddable":true,"href":"https:\/\/www.catamarca.edu.ar\/plataforma_educativa\/wp-json\/wp\/v2\/users\/2"}],"replies":[{"embeddable":true,"href":"https:\/\/www.catamarca.edu.ar\/plataforma_educativa\/wp-json\/wp\/v2\/comments?post=12549"}],"version-history":[{"count":7,"href":"https:\/\/www.catamarca.edu.ar\/plataforma_educativa\/wp-json\/wp\/v2\/pages\/12549\/revisions"}],"predecessor-version":[{"id":12556,"href":"https:\/\/www.catamarca.edu.ar\/plataforma_educativa\/wp-json\/wp\/v2\/pages\/12549\/revisions\/12556"}],"wp:attachment":[{"href":"https:\/\/www.catamarca.edu.ar\/plataforma_educativa\/wp-json\/wp\/v2\/media?parent=12549"}],"curies":[{"name":"wp","href":"https:\/\/api.w.org\/{rel}","templated":true}]}}