{"id":5098,"date":"2020-02-06T08:44:05","date_gmt":"2020-02-06T11:44:05","guid":{"rendered":"https:\/\/www.catamarca.edu.ar\/plataforma_educativa\/?page_id=5098"},"modified":"2021-02-17T09:23:12","modified_gmt":"2021-02-17T12:23:12","slug":"ni-las-tecnologias-de-la-informacion-y-la-comunicacion-en-la-educacion-inicial","status":"publish","type":"page","link":"https:\/\/www.catamarca.edu.ar\/plataforma_educativa\/ni-las-tecnologias-de-la-informacion-y-la-comunicacion-en-la-educacion-inicial\/","title":{"rendered":"Nivel Inicial &#8211; Las Tecnolog\u00edas de la Informaci\u00f3n y la Comunicaci\u00f3n en la Educaci\u00f3n Inicial"},"content":{"rendered":"\r\n<p>Tanto la ley de Educaci\u00f3n Nacional N\u00ba 26206, como la Ley de Educaci\u00f3n Provincial 5381, en el Cap\u00edtulo II-Fines y Objetivos de la Pol\u00edtica Educativa, Art\u00edculo 11, el Estado Provincial garantizar\u00e1: Inciso 21) \u201cDesarrollo de las competencias necesarias para el manejo de los nuevos lenguajes producidos por las tecnolog\u00edas de la informaci\u00f3n y la comunicaci\u00f3n\u201d.<br \/>Pensar en incluir las TIC en la Educaci\u00f3n Inicial requiere del compromiso y de la responsabilidad de los adultos, para generar las condiciones pedag\u00f3gicas necesarias que posibiliten el creciente desarrollo de las capacidades y competencias precisas, para la utilizaci\u00f3n inteligente, critica y reflexiva de estas nuevas tecnolog\u00edas.<br \/>Vivimos en una sociedad a la que denominamos \u201cde la informaci\u00f3n y del conocimiento\u201d reconocemos nuevas concepciones de aprendizajes, sabemos que las nuevas tecnolog\u00edas est\u00e1n cambiando al mundo y que los j\u00f3venes de la actualidad tienen un manejo h\u00e1bil de las mismas.<br \/>Dice Perrenoud, P. (2008 ) \u201cla relaci\u00f3n con el saber ha cambiado de forma espectacular con la irrupci\u00f3n de las nuevas tecnolog\u00edas y la escuela no puede evolucionar de espalda a estos cambios\u2026\u201d. Desde aqu\u00ed se puede afirmar que es necesario que al ni\u00f1o de Educaci\u00f3n Inicial, Sujeto de Derecho, se le brinde una educaci\u00f3n que tenga en cuenta esta realidad. Por ello es importante su incorporaci\u00f3n a nivel educativo, ya que es el \u00fanico \u00e1mbito en el que se da lugar al aprendizaje, conocimiento y participaci\u00f3n a trav\u00e9s de las TICs.<br \/>Las TICs vienen a potenciar esos aprendizajes que ten\u00edamos tradicionalmente en los distintos campos de experiencias, otorgando un valor agregado. \u201cEl \u00e9xito de estos aprendizajes depender\u00e1 de la competencia del docente en utilizar lo que la cultura tecnol\u00f3gica actual nos ofrece, para ponerlo al servicio de la ense\u00f1anza. Por lo tanto, los saberes que comprende esta competencia pertenecen no solo al dominio t\u00e9cnico sino al did\u00e1ctico\u201d (Perrenaud, P. 2008)<br \/>El empleo de las tecnolog\u00edas de la informaci\u00f3n y la comunicaci\u00f3n es parte de la alfabetizaci\u00f3n ciudadana, debido a que socialmente ya son una necesidad por las grandes posibilidades que ofrece. Su incorporaci\u00f3n resulta motivadora para los ni\u00f1os por la animaci\u00f3n, los colores, los sonidos, etc. que presentan. Por ello es importante que tempranamente interact\u00faen con ellas, desarrollando capacidades para uso creativo y responsable.<br \/>Las TICs ampl\u00edan la gama de recursos de ense\u00f1anza proporcionando otros entornos de aprendizajes para el abordaje de los contenidos presentes en este dise\u00f1o curricular. Por otra parte, las enciclopedias digitales proporcionan las im\u00e1genes que contribuyen a ampliar el conocimiento de lo cotidiano. Se deber\u00e1 tender a que progresivamente los ni\u00f1os utilicen la informaci\u00f3n que proporcionan los recursos tecnol\u00f3gicos apropiados a su edad, que est\u00e1n a su alcance, a fin de que, paulatinamente, reconozcan su influencia en todos los aspectos de la vida humana, as\u00ed como sus potencialidades y l\u00edmites. Las pel\u00edculas de dibujos animados o los documentales, visitas virtuales a museos del mundo, usos de teclados son una posibilidad de promover el desarrollo del pensamiento reflexivo y cr\u00edtico en relaci\u00f3n con la naturaleza y su interacci\u00f3n con el hombre.<\/p>\r\n","protected":false},"excerpt":{"rendered":"<p>Tanto la ley de Educaci\u00f3n Nacional N\u00ba 26206, como la Ley de Educaci\u00f3n Provincial 5381, en el Cap\u00edtulo II-Fines y Objetivos de la Pol\u00edtica Educativa, Art\u00edculo 11, el Estado Provincial garantizar\u00e1: Inciso 21) \u201cDesarrollo de las competencias necesarias para el manejo de los nuevos lenguajes producidos por las tecnolog\u00edas de la informaci\u00f3n y la comunicaci\u00f3n\u201d.Pensar&hellip; <br \/> <a class=\"read-more\" href=\"https:\/\/www.catamarca.edu.ar\/plataforma_educativa\/ni-las-tecnologias-de-la-informacion-y-la-comunicacion-en-la-educacion-inicial\/\">Read more<\/a><\/p>\n","protected":false},"author":2,"featured_media":0,"parent":0,"menu_order":0,"comment_status":"closed","ping_status":"closed","template":"template-full-width.php","meta":{"footnotes":""},"class_list":["post-5098","page","type-page","status-publish","hentry"],"_links":{"self":[{"href":"https:\/\/www.catamarca.edu.ar\/plataforma_educativa\/wp-json\/wp\/v2\/pages\/5098","targetHints":{"allow":["GET"]}}],"collection":[{"href":"https:\/\/www.catamarca.edu.ar\/plataforma_educativa\/wp-json\/wp\/v2\/pages"}],"about":[{"href":"https:\/\/www.catamarca.edu.ar\/plataforma_educativa\/wp-json\/wp\/v2\/types\/page"}],"author":[{"embeddable":true,"href":"https:\/\/www.catamarca.edu.ar\/plataforma_educativa\/wp-json\/wp\/v2\/users\/2"}],"replies":[{"embeddable":true,"href":"https:\/\/www.catamarca.edu.ar\/plataforma_educativa\/wp-json\/wp\/v2\/comments?post=5098"}],"version-history":[{"count":2,"href":"https:\/\/www.catamarca.edu.ar\/plataforma_educativa\/wp-json\/wp\/v2\/pages\/5098\/revisions"}],"predecessor-version":[{"id":9392,"href":"https:\/\/www.catamarca.edu.ar\/plataforma_educativa\/wp-json\/wp\/v2\/pages\/5098\/revisions\/9392"}],"wp:attachment":[{"href":"https:\/\/www.catamarca.edu.ar\/plataforma_educativa\/wp-json\/wp\/v2\/media?parent=5098"}],"curies":[{"name":"wp","href":"https:\/\/api.w.org\/{rel}","templated":true}]}}