{"id":5260,"date":"2020-02-10T09:04:29","date_gmt":"2020-02-10T12:04:29","guid":{"rendered":"https:\/\/www.catamarca.edu.ar\/plataforma_educativa\/?page_id=5260"},"modified":"2021-02-17T09:23:00","modified_gmt":"2021-02-17T12:23:00","slug":"ni-la-evaluacion-en-la-educacion-inicial","status":"publish","type":"page","link":"https:\/\/www.catamarca.edu.ar\/plataforma_educativa\/ni-la-evaluacion-en-la-educacion-inicial\/","title":{"rendered":"Nivel Inicial &#8211; La Evaluaci\u00f3n en la Educaci\u00f3n Inicial"},"content":{"rendered":"\r\n<h4 class=\"wp-block-heading\">La Evaluaci\u00f3n en la Educaci\u00f3n Inicial &#8211; Contenidos<\/h4>\r\n\r\n\r\n\r\n<p><a href=\"#XI.1\">XI.1- La Evaluaci\u00f3n Pedag\u00f3gica<\/a><br \/><a href=\"#XI.2\">XI.2- La Evaluaci\u00f3n Institucional<\/a><\/p>\r\n\r\n\r\n\r\n<p>La evaluaci\u00f3n en la Educaci\u00f3n Inicial se constituye a partir de la diferenciaci\u00f3n e integraci\u00f3n de diferentes tipos, clases, y, caracter\u00edsticas.<br \/>En la Provincia de Catamarca las instituciones de Educaci\u00f3n Inicial se organizan con modalidad de Jardines de Infantes Nuclearizados (J.I.N.). Desde esta singularidad la evaluaci\u00f3n institucional y de los aprendizajes ser\u00e1 implementada como una propuesta democr\u00e1tica, participativa y de comunicaci\u00f3n, atravesada por principios \u00e9ticos, pedag\u00f3gicos y pol\u00edticos, que propicien la construcci\u00f3n del conocimiento; dirigida a producir una cultura evaluativa en las instituciones y en las salas, para preservar las trayectorias escolares de los ni\u00f1os y ni\u00f1as.<br \/>De este modo, la evaluaci\u00f3n no estar\u00e1 supeditada a los sistemas de acreditaci\u00f3n.<br \/>La Promoci\u00f3n de un a\u00f1o\/sala dentro de la Educaci\u00f3n Inicial es de car\u00e1cter Autom\u00e1tica dado que no se plantean requisitos de acreditaci\u00f3n, por lo tanto no puede repetirse ninguna de estas instancias. En este sentido, se privilegiar\u00e1 la importancia de favorecer la continuidad de las trayectorias dejando de lado de la idea de permanencia que suele estar presente en este nivel educativo. Asimismo, la promoci\u00f3n y el ingreso al Nivel<br \/>Primario tambi\u00e9n ES de car\u00e1cter autom\u00e1tico dado que concurrir a los dos \u00faltimos a\u00f1os del Nivel Inicial no representar\u00e1 un determinante de ingreso a la Escuela Primaria.<br \/>La evaluaci\u00f3n tendr\u00e1 un car\u00e1cter de sost\u00e9n y ayuda para los ni\u00f1os y un car\u00e1cter de herramienta sustantiva en la mejora de las pr\u00e1cticas de ense\u00f1anza para los docentes de la Educaci\u00f3n Inicial<\/p>\r\n\r\n\r\n\r\n<p><strong>XI.1- La Evaluaci\u00f3n Pedag\u00f3gica<\/strong><a name=\"XI.1\"><\/a><br \/>La Evaluaci\u00f3n Pedag\u00f3gica en la Educaci\u00f3n Inicial se conforma como parte del proceso educativo din\u00e1mico e integrador.<br \/>En este sentido incluye los aspectos del desarrollo de las ni\u00f1as y ni\u00f1os y de su socializaci\u00f3n, y; focaliza en la comprensi\u00f3n de la naturaleza y profundidad de los aprendizajes de conocimientos habilidades y competencias de cada alumno y alumna.<br \/>En la Educaci\u00f3n Inicial, el a\u00f1o lectivo se divide en Tres (3) Etapas: Periodo<br \/>Inicial, Periodo de Desarrollo y Periodo final. Al finalizar cada uno de estos periodos, se elaborar\u00e1 un Informe Narrativo, grupal e individual, con modalidad cualitativa, teniendo en cuenta los prop\u00f3sitos en las distintas \u00e1reas del curr\u00edculo. Estos informes constituyen el cuerpo del registro acumulativo de cada ni\u00f1o\/a y son dados a conocer a<br \/>las familias en reuniones de padres, programadas al finalizar cada uno de los periodos antes mencionados.<br \/>&#8211; Evaluaci\u00f3n Diagn\u00f3stica: Se produce en el Per\u00edodo Inicial.<br \/>&#8211; Evaluaci\u00f3n de Proceso o Formativa: Se concretar\u00e1 durante el Periodo<br \/>de Desarrollo Anual, tendr\u00e1 la flexibilidad suficiente poniendo \u00e9nfasis en<br \/>los procedimientos que realiza el ni\u00f1o\/a, las estrategias que despliega<br \/>para interactuar con el contenido de ense\u00f1anza, el esfuerzo para superar<br \/>los obst\u00e1culos que se le presenta y los avances realizados con relaci\u00f3n<br \/>al punto de partida. Ser\u00e1n instancias individuales y grupales que permitan<br \/>el ajuste de las estrategias para el andamiaje de la apropiaci\u00f3n de los<br \/>conocimientos por parte de los ni\u00f1os y ni\u00f1as contemplando la<br \/>singularidad DE sus tiempos y ritmos de aprendizaje.<br \/>&#8211; Evaluaci\u00f3n final \u2013 Sumativa o de resultado: Cerrar\u00e1 el Registro<br \/>Acumulativo con el \u00faltimo informe evaluativo, el que integrar\u00e1 todos los<br \/>datos registrados en los distintos periodo del a\u00f1o. El informe final sintetiza<br \/>la evaluaci\u00f3n del nivel de logros alcanzados por los ni\u00f1os en cada \u00e1rea<br \/>curricular.<br \/>La docente tendr\u00e1 en cuenta que el desarrollo de los ni\u00f1os es un todo integrado y continuo y deber\u00e1 favorecer todo sus aprendizajes, estimulando prioritariamente el desarrollo de su pensamiento, su creatividad, de su responsabilidad.<br \/><strong> T\u00e9cnicas e Instrumentos de Evaluaci\u00f3n<\/strong><br \/>En la Educaci\u00f3n Inicial se considera como una de las t\u00e9cnicas principales de recolecci\u00f3n de informaci\u00f3n sobre los aprendizajes de los ni\u00f1os; La Observaci\u00f3n, y El Registro de Observaci\u00f3n \/ Informaci\u00f3n de lo observado proporcionar\u00e1 los datos para emitir juicios de valor sobre los aspectos de aprendizaje que se quieren evaluar.<br \/>Esta t\u00e9cnica de registro, recoge informaci\u00f3n significativa acerca de los progresos de los avances y dificultades de los ni\u00f1os y ni\u00f1as, en relaci\u00f3n a los prop\u00f3sitos \/ objetivos propuestos en funci\u00f3n del proceso de ense\u00f1anza.<br \/>&#8211; La observaci\u00f3n epis\u00f3dica remite al registro de los acontecimientos<br \/>que el maestro considere significativos en el encuentro con el grupo,<br \/>donde identifique manifestaciones cualitativas de los alumnos\/as en<br \/>particular y\/ o del grupo en general.<br \/>&#8211; La observaci\u00f3n sistem\u00e1tica consiste en establecer a priori y durante<br \/>un per\u00edodo determinado el aspecto del aprendizaje por observar. Para ello es necesario formularse preguntas previas respecto a aquello que<br \/>pretende observarse (Dise\u00f1o Curricular Provincia de buenos Aires)<br \/>&#8211; Los registros anecd\u00f3ticos es una de las formas de dejar constancia<br \/>de aquello que las docentes consideran que resultara valioso al<br \/>momento de elaborar los informes individuales de sus alumnos.<br \/>&#8211; Las listas de control: se determinar\u00e1n los \u00edtems que describan<br \/>aspectos espec\u00edficos de los ni\u00f1os\/as al realizar una actividad. Se<br \/>marcar\u00e1 la presencia o ausencia de la conducta a observar.<br \/>&#8211; Portfolios el material acopiado en el mismo brindar\u00e1 al ni\u00f1o o ni\u00f1a<br \/>en forma peri\u00f3dica un soporte concreto para pensar sus aprendizajes.<br \/>Para la docente facilitar\u00e1 reconstruir el progreso y dificultades de cada<br \/>alumno\/a.<\/p>\r\n\r\n\r\n\r\n<p><strong>XI.2- La Evaluaci\u00f3n Institucional<\/strong><a name=\"XI.2\"><\/a><br \/>Los Jardines de Infantes Nuclearizados (J.I.N.) son instituciones que si bien,<br \/>tienen sus salas funcionando en diferentes establecimientos, constituyen la unidad educativa donde se comparten objetivos, proyectos y acuerdos institucionales que hacen a la identidad de ese J.I.N. La modalidad de gesti\u00f3n itinerante permitir\u00e1 al equipo directivo recorrer los diferentes establecimientos asesorando y monitoreando el desarrollo curricular, a la vez de recoger la informaci\u00f3n que servir\u00e1 de insumos para evaluar los proyectos espec\u00edficos y curriculares.<br \/>Esta informaci\u00f3n posibilitar\u00e1 el proceso de an\u00e1lisis para construir un saber a cerca del J.I.N., la coherencia que guardan las actividades para el cumplimiento de los objetivos, de este modo se dise\u00f1aran estrategias para la toma de decisiones. Este proceso de an\u00e1lisis se concretar\u00e1 en relaci\u00f3n al logro de los objetivos sustantivos pedag\u00f3gicos-did\u00e1cticos; al funcionamiento organizacional\/administrativo y sociocomunitario.<br \/>Teniendo en cuenta la natural din\u00e1mica de las instituciones nuclearizadas, la evaluaci\u00f3n sistem\u00e1tica continua y contextuada, permitir\u00e1 ir apreciando cuales son los obst\u00e1culos que impiden acercarse a lo deseado as\u00ed como actuar sobre lo relevante y significativo y no sobre lo superfluo; tambi\u00e9n se podr\u00e1 saber c\u00f3mo utilizar los recursos humanos y financieros disponibles o c\u00f3mo incorporar nuevos recursos que faciliten las acciones, para tomar decisiones racionales y no intuitivas.<br \/>La evaluaci\u00f3n institucional es una herramienta de gobierno institucional, para lo cual la comunidad educativa deber\u00e1 definir:<br \/>&#8211; Prop\u00f3sitos\/ Objetivos<br \/>&#8211; \u00c1mbitos: Dimensiones comunitaria, organizacional\/administrativa, y<br \/>fuertemente la pedag\u00f3gica\/did\u00e1ctica<br \/>&#8211; Momentos o fases: Al inicio del ciclo lectivo para realizar un diagn\u00f3stico, a<br \/>mediados del a\u00f1o para monitorear el proceso y al finalizar el a\u00f1o escolar la<br \/>sumativa<br \/>&#8211; Agentes evaluadores: Miembros de la instituci\u00f3n y las familias<br \/>&#8211; M\u00e9todos: Cualitativo y cuantitativo para el relevamiento de informaci\u00f3n,<br \/>teniendo en cuenta datos primarios y secundarios.<br \/>&#8211; T\u00e9cnicas: Observaciones de clases de actividades con las familias, reuniones de personal, entrevistas a los docentes, A las familias Y otros miembros de la comunidad.<br \/>&#8211; Instrumentos: Carpetas did\u00e1cticas, bit\u00e1coras de itienerancia del Equipo<br \/>Directivo en las salas, Actas, informes grupales e individuales de alumnos, otros.<br \/>La evaluaci\u00f3n abarcar\u00e1:<br \/>Evaluaci\u00f3n del Proyecto Institucional, su an\u00e1lisis rescatar\u00e1 las fortalezas<br \/>enunciadas y las problem\u00e1ticas m\u00e1s relevantes para corroborar si se est\u00e1n superando o en v\u00edas de superaci\u00f3n.<br \/>Identidad institucional, en su formulaci\u00f3n deber\u00e1 reflejar cabalmente la<br \/>singularidad que hace a esta instituci\u00f3n diferente de otra. Corroborar que transparente la realidad de cada uno de los sectores de la comunidad donde se encuentran insertos los edificios que albergan las salas del J.I.N.<br \/>Visi\u00f3n institucional, se analizar\u00e1 si los objetivos formulados expresan<br \/>realmente lo deseado para el J.I.N. en el presente a\u00f1o lectivo<br \/>Proyectos espec\u00edficos, considerar si \u00e9stos respetan los criterios de<br \/>complejidad, contextualizaci\u00f3n y viabilidad para continuar su ejecuci\u00f3n<br \/>Equipo directivo desarrollar\u00e1 auto-evaluaci\u00f3n, co-evaluaci\u00f3n y heteroevaluaci\u00f3n de su gesti\u00f3n a trav\u00e9s de instrumentos que validen la opini\u00f3n recogida. La gesti\u00f3n democr\u00e1tica ser\u00e1 el referente para enunciar los indicadores que se incluir\u00e1n en los dispositivos usados para ello.<br \/>Pr\u00e1cticas docentes, centrar\u00e1 la acci\u00f3n evaluativa en la reflexi\u00f3n sobre las<br \/>pr\u00e1cticas, los supuestos impl\u00edcitos en las mismas, las experiencias did\u00e1cticas y su impacto en los aprendizajes de los ni\u00f1os y ni\u00f1as y la implicaci\u00f3n de los docentes en el proceso de ejecuci\u00f3n del PEI.<br \/>Aprendizajes de los alumnos, se focalizar\u00e1 sobre los progresos alcanzados y<br \/>los modos de superar las problem\u00e1ticas. Este an\u00e1lisis servir\u00e1 para ajustar las estrategias pedag\u00f3gicas a las caracter\u00edsticas individuales de los ni\u00f1os y ni\u00f1as.<br \/>Espacios de trabajo, mobiliario y los materiales de apoyo a la gesti\u00f3n<br \/>educativa.<\/p>\r\n","protected":false},"excerpt":{"rendered":"<p>La Evaluaci\u00f3n en la Educaci\u00f3n Inicial &#8211; Contenidos XI.1- La Evaluaci\u00f3n Pedag\u00f3gicaXI.2- La Evaluaci\u00f3n Institucional La evaluaci\u00f3n en la Educaci\u00f3n Inicial se constituye a partir de la diferenciaci\u00f3n e integraci\u00f3n de diferentes tipos, clases, y, caracter\u00edsticas.En la Provincia de Catamarca las instituciones de Educaci\u00f3n Inicial se organizan con modalidad de Jardines de Infantes Nuclearizados (J.I.N.).&hellip; <br \/> <a class=\"read-more\" href=\"https:\/\/www.catamarca.edu.ar\/plataforma_educativa\/ni-la-evaluacion-en-la-educacion-inicial\/\">Read more<\/a><\/p>\n","protected":false},"author":2,"featured_media":0,"parent":0,"menu_order":0,"comment_status":"closed","ping_status":"closed","template":"template-full-width.php","meta":{"footnotes":""},"class_list":["post-5260","page","type-page","status-publish","hentry"],"_links":{"self":[{"href":"https:\/\/www.catamarca.edu.ar\/plataforma_educativa\/wp-json\/wp\/v2\/pages\/5260","targetHints":{"allow":["GET"]}}],"collection":[{"href":"https:\/\/www.catamarca.edu.ar\/plataforma_educativa\/wp-json\/wp\/v2\/pages"}],"about":[{"href":"https:\/\/www.catamarca.edu.ar\/plataforma_educativa\/wp-json\/wp\/v2\/types\/page"}],"author":[{"embeddable":true,"href":"https:\/\/www.catamarca.edu.ar\/plataforma_educativa\/wp-json\/wp\/v2\/users\/2"}],"replies":[{"embeddable":true,"href":"https:\/\/www.catamarca.edu.ar\/plataforma_educativa\/wp-json\/wp\/v2\/comments?post=5260"}],"version-history":[{"count":5,"href":"https:\/\/www.catamarca.edu.ar\/plataforma_educativa\/wp-json\/wp\/v2\/pages\/5260\/revisions"}],"predecessor-version":[{"id":9398,"href":"https:\/\/www.catamarca.edu.ar\/plataforma_educativa\/wp-json\/wp\/v2\/pages\/5260\/revisions\/9398"}],"wp:attachment":[{"href":"https:\/\/www.catamarca.edu.ar\/plataforma_educativa\/wp-json\/wp\/v2\/media?parent=5260"}],"curies":[{"name":"wp","href":"https:\/\/api.w.org\/{rel}","templated":true}]}}