{"id":5298,"date":"2020-02-10T10:03:28","date_gmt":"2020-02-10T13:03:28","guid":{"rendered":"https:\/\/www.catamarca.edu.ar\/plataforma_educativa\/?page_id=5298"},"modified":"2021-02-17T09:26:14","modified_gmt":"2021-02-17T12:26:14","slug":"np-la-evaluacion","status":"publish","type":"page","link":"https:\/\/www.catamarca.edu.ar\/plataforma_educativa\/np-la-evaluacion\/","title":{"rendered":"Nivel Primario &#8211; La Evaluaci\u00f3n"},"content":{"rendered":"\r\n<h4 class=\"wp-block-heading\">La Evaluaci\u00f3n &#8211; Contenidos<\/h4>\r\n\r\n\r\n\r\n<p><a href=\"#1\">Bibliograf\u00eda<\/a><\/p>\r\n\r\n\r\n\r\n<p>En los documentos orientadores y prescriptivos del Ministerio de Educaci\u00f3n Nacional relacionados con el cuidado de las trayectorias escolares de los alumnos, se explicitan recomendaciones para el Nivel Primario, que suponen un posicionamiento sobre la evaluaci\u00f3n, la promoci\u00f3n y la acreditaci\u00f3n. Con esa l\u00ednea te\u00f3rica la Provincia de Catamarca elabora el R\u00e9gimen de evaluaci\u00f3n, calificaci\u00f3n, promoci\u00f3n y acreditaci\u00f3n de alumnos de educaci\u00f3n primaria, que plantea:<br \/>&#8211; Con respecto de la promoci\u00f3n de ni\u00f1os y ni\u00f1as se privilegiar\u00e1 una mirada ciclada del aprendizaje de manera de no discontinuar innecesariamente la trayectoria escolar. En este sentido, cada jurisdicci\u00f3n y cada escuela adoptar\u00e1 las medidas necesarias para favorecer la efectiva apropiaci\u00f3n de saberes para todos los alumnos y alumnas desalentando la repitencia como modo de resolver dificultades en la apropiaci\u00f3n de los mismos.<br \/>&#8211; A los fines de alentar la continuidad de las trayectorias, se estipula que la promoci\u00f3n de los ni\u00f1os de un a\u00f1o a otro ser\u00e1 abierta y podr\u00e1 realizarse en cualquier momento del a\u00f1o bajo las modalidades que mejor se adapten a las condiciones y necesidades jurisdiccionales. La norma regir\u00e1 para aquellos ni\u00f1os que cuenten con dos o m\u00e1s a\u00f1os sobre la edad te\u00f3rica de cursada al grado correspondiente.<br \/>&#8211; Los ni\u00f1os y ni\u00f1as que por cuestiones familiares se trasladen peri\u00f3dicamente de localidad dentro de una misma jurisdicci\u00f3n o bien entre jurisdicciones (trabajos rurales transitorios de sus familias, ni\u00f1os y ni\u00f1as que viven en circos y parques, entre otros) deber\u00e1n ver garantizada su asistencia y continuidad de los estudios en cualquier parte del territorio nacional. Contar\u00e1n con un pase abierto desde la escuela de origen para poder facilitar su traslado en cualquier momento del a\u00f1o. A los fines de la evaluaci\u00f3n y certificaci\u00f3n de sus aprendizajes se reconocer\u00e1n dos tipos de registros: el bolet\u00edn de la escuela de origen que acompa\u00f1ar\u00e1 a los alumnos a todas las instituciones que transite y un informe, (elaborado por el o los docentes responsables y avalado por la direcci\u00f3n de la escuela) de los contenidos ense\u00f1ados en cada una de las instituciones.<br \/>&#8211; En el caso de los ni\u00f1os y ni\u00f1as que requieran atenci\u00f3n domiciliaria y\/u hospitalaria a lo largo del a\u00f1o, se promover\u00e1n las medidas reglamentarias y administrativas que permitan consignar su ausencia en el registro escolar, conservando el car\u00e1cter de alumna regular en la escuela. Se propiciar\u00e1n todas las estrategias necesarias para que los v\u00ednculos entre los ni\u00f1os y su escuela se sostengan mientras perdure la enfermedad y el tratamiento.<br \/>&#8211; Los ni\u00f1os que por causas m\u00e9dicas requieran de internaci\u00f3n en el \u00faltimo trimestre del a\u00f1o escolar, y no puedan completar el a\u00f1o lectivo, podr\u00e1n promocionarlo a partir de la ponderaci\u00f3n del desempe\u00f1o acad\u00e9mico obtenido desde el inicio del a\u00f1o. En los casos en los que fuera posible la intervenci\u00f3n de la modalidad de educaci\u00f3n hospitalaria, se acordar\u00e1 con la misma, la promoci\u00f3n. Si fuera necesario se establecer\u00e1 una promoci\u00f3n asistida de manera de favorecer la cursada en el grado subsiguiente si las condiciones cl\u00ednicas lo permiten.<br \/>La evaluaci\u00f3n es un proceso que brinda informaci\u00f3n para conocer, comprender y valorar en forma integral la trayectoria escolar de los estudiantes. Integra el proceso de ense\u00f1ar y aprender y hace posible interpretar, a nivel institucional los logros alcanzados, los procesos desarrollados, los medios utilizados para ello, las estrategias m\u00e1s adecuadas desde la intervenci\u00f3n docente necesaria y la propia participaci\u00f3n de los alumnos para favorecer sus recorridos escolares.<br \/>Las decisiones de evaluaci\u00f3n sobre la acreditaci\u00f3n, calificaci\u00f3n, y promoci\u00f3n de los alumnos deben ser fundamentadas en base a los acuerdos institucionales, la planificaci\u00f3n de la ense\u00f1anza y el conocimiento que el docente posee acerca del proceso de aprendizaje individual y grupal de sus estudiantes. La acreditaci\u00f3n y la promoci\u00f3n son decisiones pedag\u00f3gicas fundamentales que impactan en las trayectorias escolares y demandan del docente una \u00e9tica de la responsabilidad sobre el ense\u00f1ar y evaluar en la educaci\u00f3n primaria obligatoria. \u201cR\u00e9gimen de evaluaci\u00f3n, calificaci\u00f3n, promoci\u00f3n y acreditaci\u00f3n de alumnos de educaci\u00f3n primaria\u201d. Ministerio de Educaci\u00f3n, Ciencia y Tecnolog\u00eda de la Provincia de Catamarca. (2011)<\/p>\r\n\r\n\r\n\r\n<p><strong>Bibliograf\u00eda<\/strong><a name=\"1\"><\/a><\/p>\r\n\r\n\r\n\r\n<ul class=\"wp-block-list\">\r\n<li>ANIJOVICH REBECA Y MORA SILVIA (2010) \u2013 Estrategias de Ense\u00f1anza. Otra mirada del Quehacer en el Aula. Editorial Aique Educaci\u00f3n. Buenos Aires.<\/li>\r\n<li>ARIES, PHILIPE. \u201cHistoria de la Infancia\u201d<\/li>\r\n<li>BIRGIN ALEJANDRA, POGGI MARGARITA, GVIRTZ SILVINA, COSSE GUSTAVO, FELDFEBER MYRIAM (1995) Las transformaciones de la educaci\u00f3n en diez a\u00f1os de democracia. Editorial Tesis Norma \u2013 Buenos Aires<\/li>\r\n<li>BLEICHMER, SILVIA. Conferencia \u201cLa Infancia y la Adolescencia ya no son las mismas&#8221;, 2001.<\/li>\r\n<li>CARLI, SANDRA Comp. (2005) &#8220;De la familia a la Escuela&#8221;, Edit. Santillana. Buenos Aires, Argentina.<\/li>\r\n<li>CAMILLIONI ALICIA (COMP) (1996) \u2013 Corrientes did\u00e1cticas contempor\u00e1neas. Editorial Paidos Cuestiones de Educaci\u00f3n. Buenos Aires.<\/li>\r\n<li>CAMILLONI ALICIA (1998) \u2013 La programaci\u00f3n de la ense\u00f1anza de las Ciencias Sociales\u201d EN AISEMBERG BEATRIZ Y ALDEROQUI SILVIA (COMP) Did\u00e1ctica de las Ciencias Sociales II. Editorial Paidos, Buenos Aires<\/li>\r\n<li>CAMILLONI ALICIA (COMP) (2007) \u2013 El saber did\u00e1ctico. Editorial Paidos. Buenos Aires.<\/li>\r\n<li>CORN\u00da LAURENCE (2002) &#8211; \u201cResponsabilidad, experiencia, confianza\u201d. En Graciela Frigerio Comp. Educar: Rasgos filos\u00f3ficos para una identidad. Editorial Santillana.<\/li>\r\n<li>DAVINI MARIA CRISTINA (2009) \u2013 M\u00e9todos de Ense\u00f1anza. Did\u00e1ctica General para Maestros y Profesores. Editorial Santillana. Buenos Aires<\/li>\r\n<li>DE MOUSE, LLOY, \u201cLa vida en el antiguo r\u00e9gimen\u201d<\/li>\r\n<li>DEWEY JOHN (1954) &#8211; Experiencia y Educaci\u00f3n. Editorial Losada. Buenos Aires.<\/li>\r\n<li>Documento del Ministerio de Educaci\u00f3n de la Naci\u00f3n, Conferencia de Valeria Dotro, La Infancia entre la inocencia y el mercado, 2007. &#8211; DUSCHATZKY, SILVIA -FLASCO,Argentina.Art\u00edculo publicado en Propuesta Educativa, Buenos Aires, a\u00f1o 7, n\u00b0 15, diciembre de 1996, pp. 45-49<\/li>\r\n<li>DUSSEL, IN\u00c9S, FINOCCHIO, SILVIA, comp. &#8220;Ense\u00f1ar hoy&#8221;, de Perla Zelmanovich (2002)<\/li>\r\n<li>EDELSTEIN GLORIA Y CORIA ADELA (1995) Im\u00e1genes e imaginaci\u00f3n. Iniciaci\u00f3n a la Docencia. Editorial Kapeluz. Buenos Aires.<\/li>\r\n<li>EDELSTEIN GLORIA (2000) \u2013 \u201cPr\u00e1cticas y residencias: memorias, experiencias, horizontes\u201d en Revista Iberoamericana de Educaci\u00f3n N\u00ba 33, Septiembre Diciembre 2000. Consultado en http:\/\/www.rieoei.org\/rie33a04.htm<\/li>\r\n<li>EDELSTEIN GLORIA (2011) \u2013 Formar y Formarse en la Ense\u00f1anza. Editorial Paidos Cuestiones de Educaci\u00f3n. Buenos Aires.<\/li>\r\n<li>FENSTERMACHER GARY (1989) Tres aspectos de la filosof\u00eda de la investigaci\u00f3n sobre la ense\u00f1anza, en Wittrock M. La investigaci\u00f3n de la ense\u00f1anza. Tomo I. Paidos Barcelona.<\/li>\r\n<li>GERSTENHABER, CLAUDIA E. Art\u00edculo publicado en: 0 a 5 la Educaci\u00f3n en los Primeros A\u00f1os, Ediciones Novedades Educativas &#8211; A\u00f1o 2001<\/li>\r\n<li>JACKSON PHILIP (1991) \u2013 \u201cLa vida en las aulas\u201d Ediciones Morata. Tercer Edici\u00f3n1994<\/li>\r\n<li>JURJO TORRES SANTOM\u00c9 (1968) \u201cLa pr\u00e1ctica reflexiva y la comprensi\u00f3n de lo que acontece en las aulas\u201d. Pr\u00f3logo a la Edici\u00f3n Espa\u00f1ola, enJACKSON PHILIP (1968) \u201cLa Vida en las Aulas\u201d \u2013 Colecci\u00f3n Pedagog\u00eda, Educaci\u00f3n Cr\u00edtica &#8211; Ediciones Morata. Tercera Edici\u00f3n 1994.<\/li>\r\n<li>LITWIN EDITH (1997) \u2013 Las configuraciones did\u00e1cticas. Una nueva agenda para la Ense\u00f1anza Superior. Editorial Paidos Educador. Buenos Aires.<\/li>\r\n<li>MADDONI PATRICIA Y SIPES MARTA (2010) \u201cEl trabajo del director y el cuidado de las trayectorias escolares\u201d \u2013 Entre directores de escuelas primarias. &#8211; Ministerio de Educaci\u00f3n de la Naci\u00f3n<\/li>\r\n<li>MERIEU PHILIPPE (1998) \u2013 Frankenstein Educador. Editorial Leartes. Espa\u00f1a<\/li>\r\n<li>PERRENOUD, PHILIPPE (1990): La construcci\u00f3n del \u00e9xito y del fracaso escolar: hacia un an\u00e1lisis del \u00e9xito, del fracaso y de las desigualdades como realidades construidas por el sistema escolar, Madrid, Morata.<\/li>\r\n<li>POSMAN, NEIL. \u201cDesapareci\u00f3 la Infancia\u201d. 2011.<\/li>\r\n<li>TERIGI FLAVIA (COOP) (2006) \u2013 Diez Miradas sobre la Escuela Primaria. Fundaci\u00f3n<\/li>\r\n<li>TIRAMONTI, GUILLERMINA (COMP); BRASLAVSKY CECILIA (COMP); FILMUS DANIEL (COMP);<\/li>\r\n<li>R\u00e9gimen de Evaluaci\u00f3n, Promoci\u00f3n y Acreditaci\u00f3n de la Educaci\u00f3n Primaria.Ministerio de Educaci\u00f3n, Ciencia y Tecnolog\u00eda de la Provincia de Catamarca.(2011).<\/li>\r\n<\/ul>\r\n","protected":false},"excerpt":{"rendered":"<p>La Evaluaci\u00f3n &#8211; Contenidos Bibliograf\u00eda En los documentos orientadores y prescriptivos del Ministerio de Educaci\u00f3n Nacional relacionados con el cuidado de las trayectorias escolares de los alumnos, se explicitan recomendaciones para el Nivel Primario, que suponen un posicionamiento sobre la evaluaci\u00f3n, la promoci\u00f3n y la acreditaci\u00f3n. Con esa l\u00ednea te\u00f3rica la Provincia de Catamarca elabora&hellip; <br \/> <a class=\"read-more\" href=\"https:\/\/www.catamarca.edu.ar\/plataforma_educativa\/np-la-evaluacion\/\">Read more<\/a><\/p>\n","protected":false},"author":2,"featured_media":0,"parent":0,"menu_order":0,"comment_status":"closed","ping_status":"closed","template":"template-full-width.php","meta":{"footnotes":""},"class_list":["post-5298","page","type-page","status-publish","hentry"],"_links":{"self":[{"href":"https:\/\/www.catamarca.edu.ar\/plataforma_educativa\/wp-json\/wp\/v2\/pages\/5298","targetHints":{"allow":["GET"]}}],"collection":[{"href":"https:\/\/www.catamarca.edu.ar\/plataforma_educativa\/wp-json\/wp\/v2\/pages"}],"about":[{"href":"https:\/\/www.catamarca.edu.ar\/plataforma_educativa\/wp-json\/wp\/v2\/types\/page"}],"author":[{"embeddable":true,"href":"https:\/\/www.catamarca.edu.ar\/plataforma_educativa\/wp-json\/wp\/v2\/users\/2"}],"replies":[{"embeddable":true,"href":"https:\/\/www.catamarca.edu.ar\/plataforma_educativa\/wp-json\/wp\/v2\/comments?post=5298"}],"version-history":[{"count":2,"href":"https:\/\/www.catamarca.edu.ar\/plataforma_educativa\/wp-json\/wp\/v2\/pages\/5298\/revisions"}],"predecessor-version":[{"id":9409,"href":"https:\/\/www.catamarca.edu.ar\/plataforma_educativa\/wp-json\/wp\/v2\/pages\/5298\/revisions\/9409"}],"wp:attachment":[{"href":"https:\/\/www.catamarca.edu.ar\/plataforma_educativa\/wp-json\/wp\/v2\/media?parent=5298"}],"curies":[{"name":"wp","href":"https:\/\/api.w.org\/{rel}","templated":true}]}}